{"id":2990,"date":"2024-09-11T22:35:36","date_gmt":"2024-09-11T20:35:36","guid":{"rendered":"https:\/\/dev.culture-m.fr\/?page_id=2990"},"modified":"2024-09-17T12:49:09","modified_gmt":"2024-09-17T10:49:09","slug":"qui-sommes-nous","status":"publish","type":"page","link":"https:\/\/culture-m.fr\/index.php\/qui-sommes-nous\/","title":{"rendered":"Qui sommes-nous ?"},"content":{"rendered":"\n<p class=\"has-kubio-color-6-color has-text-color has-link-color wp-elements-4e0d1a4dd2284dd496740e0d8e0ef5aa\">L\u2019association&nbsp;<strong>Culture\u2019M<\/strong>&nbsp;est une&nbsp;<strong>association&nbsp;<\/strong>\u00e0 but non lucratif cr\u00e9e en d\u00e9cembre&nbsp;<strong>2009<\/strong>. <br>Elle g\u00e8re et organise les activit\u00e9s culturelles du Centre Islamique Val de Bussy.<br><br>Celle-ci est ouverte \u00e0 tous les&nbsp;<strong>b\u00e9n\u00e9voles&nbsp;<\/strong>qui aspirent \u00e0 faire d\u00e9couvrir la&nbsp;<strong>culture arabo-musulmane<\/strong>&nbsp;\u00e0 travers l\u2019\u00e9tude de la langue arabe et \u00e0 faciliter l\u2019apprentissage de celle-ci pour le&nbsp;<strong>public francophone<\/strong>.<br><br>Pour l\u2019ensemble de ses activit\u00e9s \u00e9ducatives&nbsp;<strong>Culture\u2019M<\/strong>&nbsp;fait appel \u00e0 des&nbsp;<strong>professeurs dipl\u00f4m\u00e9s et exp\u00e9riment\u00e9s<\/strong>. Ces derniers sont bilingues et sont form\u00e9s \u00e0 la p\u00e9dagogie d\u2019<strong>enseignement<\/strong>.<br><br>Au-del\u00e0 des activit\u00e9s \u00e9ducatives,&nbsp;<strong>Culture\u2019M<\/strong>&nbsp;organise des sorties&nbsp;<em>culturelles et de loisirs, des \u00e9v\u00e9nements sportifs, festifs et de partage ou des ateliers th\u00e9matiques<\/em>&nbsp;afin de favoriser les \u00e9changes et accorder ainsi une grande place au vivre-ensemble.<br><br><strong>Culture\u2019M<\/strong>&nbsp;s\u2019investit \u00e9galement \u00e0 la vie municipale, en participant aux&nbsp;<strong>activit\u00e9s sociales et culturelles<\/strong>&nbsp;de la ville, via notamment les forum<s>s<\/s>&nbsp;des langues, les activit\u00e9s interculturelles et fait la promotion du don de sang.<\/p>\n","protected":false},"excerpt":{"rendered":"<p>L\u2019association&nbsp;Culture\u2019M&nbsp;est une&nbsp;association&nbsp;\u00e0 but non lucratif cr\u00e9e en d\u00e9cembre&nbsp;2009. Elle g\u00e8re et organise les activit\u00e9s culturelles du Centre Islamique Val de Bussy. Celle-ci est ouverte \u00e0 tous les&nbsp;b\u00e9n\u00e9voles&nbsp;qui aspirent \u00e0 faire d\u00e9couvrir la&nbsp;culture arabo-musulmane&nbsp;\u00e0 travers l\u2019\u00e9tude de la langue arabe et \u00e0 faciliter l\u2019apprentissage de celle-ci pour le&nbsp;public francophone. Pour l\u2019ensemble de ses activit\u00e9s \u00e9ducatives&nbsp;Culture\u2019M&nbsp;fait appel [&hellip;]<\/p>\n","protected":false},"author":1,"featured_media":0,"parent":0,"menu_order":0,"comment_status":"closed","ping_status":"closed","template":"","meta":{"saved_in_kubio":true,"footnotes":""},"class_list":["post-2990","page","type-page","status-publish","hentry"],"kubio_ai_page_context":{"short_desc":"","purpose":"general"},"_links":{"self":[{"href":"https:\/\/culture-m.fr\/index.php\/wp-json\/wp\/v2\/pages\/2990","targetHints":{"allow":["GET"]}}],"collection":[{"href":"https:\/\/culture-m.fr\/index.php\/wp-json\/wp\/v2\/pages"}],"about":[{"href":"https:\/\/culture-m.fr\/index.php\/wp-json\/wp\/v2\/types\/page"}],"author":[{"embeddable":true,"href":"https:\/\/culture-m.fr\/index.php\/wp-json\/wp\/v2\/users\/1"}],"replies":[{"embeddable":true,"href":"https:\/\/culture-m.fr\/index.php\/wp-json\/wp\/v2\/comments?post=2990"}],"version-history":[{"count":5,"href":"https:\/\/culture-m.fr\/index.php\/wp-json\/wp\/v2\/pages\/2990\/revisions"}],"predecessor-version":[{"id":3183,"href":"https:\/\/culture-m.fr\/index.php\/wp-json\/wp\/v2\/pages\/2990\/revisions\/3183"}],"wp:attachment":[{"href":"https:\/\/culture-m.fr\/index.php\/wp-json\/wp\/v2\/media?parent=2990"}],"curies":[{"name":"wp","href":"https:\/\/api.w.org\/{rel}","templated":true}]}}